{"id":110,"date":"2023-03-22T13:38:02","date_gmt":"2023-03-22T13:38:02","guid":{"rendered":"https:\/\/branded.myfinancial-life.com\/iniciar\/"},"modified":"2025-04-30T13:59:50","modified_gmt":"2025-04-30T13:59:50","slug":"iniciar","status":"publish","type":"page","link":"https:\/\/branded.myfinancial-life.com\/es\/iniciar\/","title":{"rendered":"Iniciar"},"content":{"rendered":"\n<div class=\"wp-block-group alignfull m-0 spn-registration-page is-layout-flow wp-container-core-group-is-layout-055afcbb wp-block-group-is-layout-flow\" style=\"margin-top:0px;margin-bottom:0px\">\n<div class=\"wp-block-columns are-vertically-aligned-top has-kofe-info-background-color has-background is-layout-flex wp-container-core-columns-is-layout-54c329c4 wp-block-columns-is-layout-flex\" style=\"margin-top:0;margin-bottom:0;padding-top:0;padding-right:0;padding-bottom:0;padding-left:0\">\n<div class=\"wp-block-column is-vertically-aligned-top lg-column-1 is-layout-flow wp-block-column-is-layout-flow\" style=\"padding-top:var(--wp--preset--spacing--30);padding-right:var(--wp--preset--spacing--30);padding-bottom:var(--wp--preset--spacing--30);padding-left:var(--wp--preset--spacing--30)\">\n<div\n\t class=\"wpml-ls-statics-shortcode_actions wpml-ls wpml-ls-legacy-dropdown js-wpml-ls-legacy-dropdown\">\n\t<ul>\n\n\t\t<li tabindex=\"0\" class=\"wpml-ls-slot-shortcode_actions wpml-ls-item wpml-ls-item-es wpml-ls-current-language wpml-ls-last-item wpml-ls-item-legacy-dropdown\">\n\t\t\t<a href=\"#\" class=\"js-wpml-ls-item-toggle wpml-ls-item-toggle\">\n                <span class=\"wpml-ls-native\">Espa\u00f1ol<\/span><\/a>\n\n\t\t\t<ul class=\"wpml-ls-sub-menu\">\n\t\t\t\t\n\t\t\t\t\t<li class=\"wpml-ls-slot-shortcode_actions wpml-ls-item wpml-ls-item-en wpml-ls-first-item\">\n\t\t\t\t\t\t<a href=\"https:\/\/branded.myfinancial-life.com\/\" class=\"wpml-ls-link\">\n                            <span class=\"wpml-ls-native\" lang=\"en\">English<\/span><\/a>\n\t\t\t\t\t<\/li>\n\n\t\t\t\t\t\t\t<\/ul>\n\n\t\t<\/li>\n\n\t<\/ul>\n<\/div>\n\n\n\n\n<div style=\"height:40px\" aria-hidden=\"true\" class=\"wp-block-spacer\"><\/div>\n\n\n\n<div class=\"wp-block-group has-global-padding is-layout-constrained wp-block-group-is-layout-constrained\">\n<div class=\"wp-block-group lg-form-login-container flex-col is-layout-flow wp-block-group-is-layout-flow\" style=\"padding-left:0px\">\n<figure class=\"wp-block-image size-full\"><img loading=\"lazy\" decoding=\"async\" width=\"521\" height=\"91\" src=\"https:\/\/branded.myfinancial-life.com\/wp-content\/uploads\/sites\/17\/2024\/01\/cropped-My-Financial-Life-logo.png\" alt=\"My Financial Life\" class=\"wp-image-306\" srcset=\"https:\/\/branded.myfinancial-life.com\/wp-content\/uploads\/sites\/17\/2024\/01\/cropped-My-Financial-Life-logo.png 521w, https:\/\/branded.myfinancial-life.com\/wp-content\/uploads\/sites\/17\/2024\/01\/cropped-My-Financial-Life-logo-300x52.png 300w\" sizes=\"auto, (max-width: 521px) 100vw, 521px\" \/><\/figure>\n\n\n<div id=\"user-registration\" class=\"user-registration\">\n\t<div class=\"ur-frontend-form login  \" id=\"ur-frontend-form\">\n\t\t\t\t<form class=\"user-registration-form user-registration-form-login login\" method=\"post\">\n\t\t\t<div class=\"ur-form-row\">\n\t\t\t\t<div class=\"ur-form-grid\">\n\t\t\t\t\t\t\t\t\t\t\t\t\t\t\t<p class=\"user-registration-form-row user-registration-form-row--wide form-row form-row-wide\" data-field=\"username\">\n\t\t\t\t\t\t<label for=\"username\">Nombre de usuario o correo-e <span class=\"required\">*<\/span><\/label>\t\t\t\t\t\t<span class=\"input-wrapper\">\n\t\t\t\t\t\t<input placeholder=\"\" type=\"text\" class=\"user-registration-Input user-registration-Input--text input-text\" name=\"username\" id=\"username\" value=\"\" style=\"\"\/>\n\t\t\t\t\t\t\t\t\t\t\t\t<\/span>\n\t\t\t\t\t<\/p>\n\t\t\t\t\t\t\t\t\t\t\t<p class=\"user-registration-form-row user-registration-form-row--wide form-row form-row-wide\">\n\t\t\t\t\t\t\t<label for=\"password\">Contrase\u00f1a <span class=\"required\">*<\/span><\/label>\t\t\t\t\t\t\t<span class=\"input-wrapper\">\n\t\t\t\t\t\t<span class=\"password-input-group\">\n\t\t\t\t\t\t<input placeholder=\"\" class=\"user-registration-Input user-registration-Input--text input-text\" type=\"password\" name=\"password\" id=\"password\" style=\"\" \/>\n\n\t\t\t\t\t\t\t\t\t\t\t\t\t\t\t\t\t\t\t\t<\/span>\n\t\t\t\t\t\t<\/p>\n\t\t\t\t\t\t\t\t\t\t\n\t\t\t\t\t\t\t\t\t\t<p class=\"form-row\">\n\t\t\t\t\t\t<input type=\"hidden\" id=\"user-registration-login-nonce\" name=\"user-registration-login-nonce\" value=\"49a8f7891c\" \/><input type=\"hidden\" name=\"_wp_http_referer\" value=\"\/es\/wp-json\/wp\/v2\/pages\/110\" \/>\t\t\t\t\t<div class=\"user-registration-before-login-btn\">\n\t\t\t\t\t\t\t\t\t\t\t\t\t<label class=\"user-registration-form__label user-registration-form__label-for-checkbox inline\">\n\t\t\t\t\t\t\t\t<input class=\"user-registration-form__input user-registration-form__input-checkbox\" name=\"rememberme\" type=\"checkbox\" id=\"rememberme\" value=\"forever\" \/> <span>Remember Me<\/span>\n\t\t\t\t\t\t\t<\/label>\n\t\t\t\t\t\t\t\t\t\t\t\t\t\t\t\t\t\t\t\t<p class=\"user-registration-LostPassword lost_password\">\n\t\t\t\t\t\t\t\t<a href=\"https:\/\/branded.myfinancial-life.com\/password-reset\/\">\u00bfHas perdido tu contrase\u00f1a?<\/a>\n\t\t\t\t\t\t\t<\/p>\n\t\t\t\t\t\t\t\t\t\t\t\t<\/div>\n\t\t\t\t\t\t\t\t\t<\/p>\n\t\t\t\t\t<div>\n\t\t\t\t\t\t\t\t\t\t\t\t\t\t\t\t\t\t\t<button type=\"submit\" class=\"user-registration-Button button ur-submit-button  \" name=\"login\" value=\"Acceso\"  >Acceso<\/button>\n\t\t\t\t\t\t\t\t\t\t\t<\/div>\n\t\t\t\t\t<input type=\"hidden\" name=\"redirect\" value=\"\" \/>\n\n\t\t\t\t\t<p class=\"user-registration-register register\">\t\t\t\t\t\t\t\t<a href=\"https:\/\/branded.myfinancial-life.com\/register\"> \u00bfNo tiene una cuenta a\u00fan? Reg\u00edstrese aqu\u00ed\t\t\t\t\t\t\t\t<\/a>\n\t\t\t\t\t\t\t\t<\/p>\t\t\t\t\t\t\t\t\t<\/div>\n\t\t\t<\/div>\n\t\t<\/form>\n\n\t<\/div>\n\n<\/div>\n\n\n\n<p class=\"has-text-align-center has-kofe-primary-color has-text-color has-link-color wp-elements-146a2e643236c31c538c5235c51f5f5b\" style=\"margin-top:16px;margin-bottom:60px;font-size:14px\"><a href=\"..\/registrar\/\">\u00bfNo tienes cuenta? Reg\u00edstrate aqu\u00ed.<\/a><\/p>\n<\/div>\n<\/div>\n<\/div>\n\n\n\n<div class=\"wp-block-column lp-column-2 is-layout-flow wp-block-column-is-layout-flow\" style=\"padding-top:0;padding-right:0;padding-bottom:0;padding-left:0\">\n<div class=\"wp-block-cover is-light\" style=\"min-height:100vh;aspect-ratio:unset;\"><img decoding=\"async\" class=\"wp-block-cover__image-background wp-image-9054\" alt=\"Happy Businessman Looking At Camera Smiling\" src=\"https:\/\/demo123.kofetime.com\/wp-content\/uploads\/sites\/54\/2023\/03\/login-img.jpg\" data-object-fit=\"cover\"\/><span aria-hidden=\"true\" class=\"wp-block-cover__background has-white-background-color has-background-dim-20 has-background-dim\"><\/span><div class=\"wp-block-cover__inner-container is-layout-flow wp-block-cover-is-layout-flow\">\n<div class=\"wp-block-group has-global-padding is-layout-constrained wp-block-group-is-layout-constrained\">\n<div class=\"lg-square-1\">\n<svg width=\"228\" height=\"204\" viewBox=\"0 0 228 204\" fill=\"none\" xmlns=\"http:\/\/www.w3.org\/2000\/svg\">\n<path d=\"M10.7396 113.458C1.69845 108.132 -1.31298 96.4847 4.01334 87.4435L73.9443 -31.2603C79.2706 -40.3015 90.9178 -43.3129 99.9589 -37.9866L210.085 26.8913C219.127 32.2176 222.138 43.8647 216.812 52.9058L146.881 171.61C141.554 180.651 129.907 183.662 120.866 178.336L10.7396 113.458Z\" fill=\"#003768\" stroke=\"#0092B3\" stroke-width=\"2\"><\/path>\n<path d=\"M18.1072 134.575C9.08039 129.225 6.10015 117.569 11.4507 108.543L81.6991 -9.97373C87.0496 -19.0006 98.7048 -21.9808 107.732 -16.6303L217.684 48.5421C226.711 53.8926 229.691 65.5477 224.341 74.5746L154.092 193.091C148.742 202.118 137.087 205.098 128.06 199.747L18.1072 134.575Z\" stroke=\"#0092B3\" stroke-width=\"2\"><\/path>\n<\/svg>\n\n<\/div>\n<div class=\"lg-square-2\">\n<svg width=\"175\" height=\"254\" viewBox=\"0 0 175 254\" fill=\"none\" xmlns=\"http:\/\/www.w3.org\/2000\/svg\">\n<path d=\"M5.04801 5.60196C13.1458 -1.91019 25.8003 -1.43541 33.3124 6.66243L149.299 131.692C156.811 139.79 156.336 152.444 148.238 159.956L31.8528 267.924C23.755 275.436 11.1006 274.962 3.58844 266.864L-112.398 141.834C-119.91 133.736 -119.435 121.082 -111.338 113.57L5.04801 5.60196Z\" fill=\"white\"><\/path>\n<path d=\"M25.9679 6.76745C33.6608 -0.369093 45.6825 0.0819573 52.819 7.7749L168.806 132.804C175.942 140.497 175.491 152.519 167.798 159.656L51.4125 267.623C43.7195 274.76 31.6978 274.309 24.5613 266.616L-91.4252 141.586C-98.5618 133.894 -98.1107 121.872 -90.4178 114.735L25.9679 6.76745Z\" stroke=\"#003768\" stroke-width=\"2\"><\/path>\n<\/svg>\n<\/div>\n<div class=\"lg-square-3\">\n<svg width=\"168\" height=\"154\" viewBox=\"0 0 168 154\" fill=\"none\" xmlns=\"http:\/\/www.w3.org\/2000\/svg\">\n<path d=\"M184.439 38.7064C194.96 42.0706 200.762 53.3266 197.397 63.8476L156.828 190.723C153.464 201.244 142.208 207.046 131.687 203.682L14.05 166.067C3.52912 162.702 -2.27264 151.446 1.09149 140.925L41.6608 14.0498C45.0249 3.52886 56.2809 -2.27286 66.8019 1.09127L184.439 38.7064Z\" fill=\"#0092B3\"><\/path>\n<path d=\"M192.003 54.3373C201.997 57.5332 207.509 68.2265 204.313 78.2213L163.744 205.097C160.548 215.092 149.855 220.604 139.86 217.408L22.2228 179.792C12.2279 176.597 6.71623 165.903 9.91215 155.908L50.4814 29.0327C53.6773 19.0378 64.3706 13.5262 74.3655 16.7221L192.003 54.3373Z\" stroke=\"#003768\" stroke-width=\"2\"><\/path>\n<\/svg>\n\n<\/div>\n<\/div>\n<\/div><\/div>\n<\/div>\n<\/div>\n<\/div>\n","protected":false},"excerpt":{"rendered":"<p>\u00bfNo tienes cuenta? Reg\u00edstrate aqu\u00ed.<\/p>\n","protected":false},"author":1,"featured_media":5266,"parent":0,"menu_order":0,"comment_status":"closed","ping_status":"closed","template":"blank","meta":{"_acf_changed":false,"footnotes":""},"categories":[],"tags":[],"class_list":["post-110","page","type-page","status-publish","has-post-thumbnail","hentry"],"acf":[],"_links":{"self":[{"href":"https:\/\/branded.myfinancial-life.com\/es\/wp-json\/wp\/v2\/pages\/110","targetHints":{"allow":["GET"]}}],"collection":[{"href":"https:\/\/branded.myfinancial-life.com\/es\/wp-json\/wp\/v2\/pages"}],"about":[{"href":"https:\/\/branded.myfinancial-life.com\/es\/wp-json\/wp\/v2\/types\/page"}],"author":[{"embeddable":true,"href":"https:\/\/branded.myfinancial-life.com\/es\/wp-json\/wp\/v2\/users\/1"}],"replies":[{"embeddable":true,"href":"https:\/\/branded.myfinancial-life.com\/es\/wp-json\/wp\/v2\/comments?post=110"}],"version-history":[{"count":2,"href":"https:\/\/branded.myfinancial-life.com\/es\/wp-json\/wp\/v2\/pages\/110\/revisions"}],"predecessor-version":[{"id":474,"href":"https:\/\/branded.myfinancial-life.com\/es\/wp-json\/wp\/v2\/pages\/110\/revisions\/474"}],"wp:featuredmedia":[{"embeddable":true,"href":"https:\/\/branded.myfinancial-life.com\/es\/wp-json\/"}],"wp:attachment":[{"href":"https:\/\/branded.myfinancial-life.com\/es\/wp-json\/wp\/v2\/media?parent=110"}],"wp:term":[{"taxonomy":"category","embeddable":true,"href":"https:\/\/branded.myfinancial-life.com\/es\/wp-json\/wp\/v2\/categories?post=110"},{"taxonomy":"post_tag","embeddable":true,"href":"https:\/\/branded.myfinancial-life.com\/es\/wp-json\/wp\/v2\/tags?post=110"}],"curies":[{"name":"wp","href":"https:\/\/api.w.org\/{rel}","templated":true}]}}